{"id":9355,"date":"2021-07-23T11:28:43","date_gmt":"2021-07-23T09:28:43","guid":{"rendered":"https:\/\/e-bullet.cz\/contact"},"modified":"2021-07-23T11:28:43","modified_gmt":"2021-07-23T09:28:43","slug":"contact","status":"publish","type":"page","link":"https:\/\/e-bullet.cz\/en\/contact","title":{"rendered":"Contact"},"content":{"rendered":"<h2>Project manager and website owner<\/h2>\n<div class=\"pt-3\">\n<ul>\n<li>ENTRY Engineering s.r.o.<\/li>\n<li>Liberec 1. M\u00e1je 871\/13<\/li>\n<li>Liberec III-Je\u0159\u00e1b<\/li>\n<li>460 07 Liberec<\/li>\n<li class=\"small\">Czech Republic<\/li>\n<\/ul>\n<ul class=\"pt-3\">\n<li>Contact and delivery address<\/li>\n<li>Turnovsk\u00e1 2424\/22,<\/li>\n<li>466 01 Jablonec nad Nisou<\/li>\n<li>Czech Republic<\/li>\n<\/ul>\n<ul class=\"pt-3\">\n<li>ID No.: 28750098<\/li>\n<li>VAT No.: CZ28750098<\/li>\n<li class=\"small\">ENTRY Engineering s.r.o. is registered in the Commercial Register maintained by the Regional Court in \u00dast\u00ed nad Labem, 30678 C<\/li>\n<\/ul>\n<ul class=\"pt-3\">\n<li><i class=\"icofont-email\"><\/i>info@entry-cz.com (project@e-bullet.cz)<\/li>\n<li><i class=\"icofont-phone\"><\/i> <span class=\"small\">(+420)<\/span> 774 862 377<\/li>\n<li class=\"pt-3\"><i class=\"icofont-bank-alt\"><\/i> Bank account: 437920002\/5500<\/li>\n<li><i class=\"icofont-mail\"><\/i> Mailbox ID: 5i97gdr<\/li>\n<\/ul>\n<\/div>\n<div class=\"col-md-7 p-3\">\n<div id=\"form\">\n<div class=\"wpcf7 no-js\" id=\"wpcf7-f9373-o1\" lang=\"en-US\" dir=\"ltr\">\n<div class=\"screen-reader-response\"><p role=\"status\" aria-live=\"polite\" aria-atomic=\"true\"><\/p> <ul><\/ul><\/div>\n<form action=\"\/en\/wp-json\/wp\/v2\/pages\/9355#wpcf7-f9373-o1\" method=\"post\" class=\"wpcf7-form init\" aria-label=\"Contact form\" novalidate=\"novalidate\" data-status=\"init\">\n<div style=\"display: none;\">\n<input type=\"hidden\" name=\"_wpcf7\" value=\"9373\" \/>\n<input type=\"hidden\" name=\"_wpcf7_version\" value=\"5.7.7\" \/>\n<input type=\"hidden\" name=\"_wpcf7_locale\" value=\"en_US\" \/>\n<input type=\"hidden\" name=\"_wpcf7_unit_tag\" value=\"wpcf7-f9373-o1\" \/>\n<input type=\"hidden\" name=\"_wpcf7_container_post\" value=\"0\" \/>\n<input type=\"hidden\" name=\"_wpcf7_posted_data_hash\" value=\"\" \/>\n<\/div>\n<section id=\"form\">\n\t<div class=\"row\">\n\t\t<div class=\"col-md-4\">\n\t\t\t<p><span class=\"wpcf7-form-control-wrap\" data-name=\"jmeno\"><input size=\"40\" class=\"wpcf7-form-control wpcf7-text wpcf7-validates-as-required\" aria-required=\"true\" aria-invalid=\"false\" placeholder=\"Name and surname*\" value=\"\" type=\"text\" name=\"jmeno\" \/><\/span>\n\t\t\t<\/p>\n\t\t<\/div>\n\t\t<div class=\"col-md-4\">\n\t\t\t<p><span class=\"wpcf7-form-control-wrap\" data-name=\"tel\"><input size=\"40\" class=\"wpcf7-form-control wpcf7-text wpcf7-validates-as-required\" aria-required=\"true\" aria-invalid=\"false\" placeholder=\"telefon (+420)*\" value=\"\" type=\"text\" name=\"tel\" \/><\/span>\n\t\t\t<\/p>\n\t\t<\/div>\n\t\t<div class=\"col-md-4\">\n\t\t\t<p><span class=\"wpcf7-form-control-wrap\" data-name=\"email\"><input size=\"40\" class=\"wpcf7-form-control wpcf7-text wpcf7-validates-as-required\" aria-required=\"true\" aria-invalid=\"false\" placeholder=\"email*\" value=\"\" type=\"text\" name=\"email\" \/><\/span>\n\t\t\t<\/p>\n\t\t<\/div>\n\t<\/div>\n\t<div class=\"row\">\n\t\t<div class=\"col-md-12\">\n\t\t\t<p><span class=\"wpcf7-form-control-wrap\" data-name=\"predmet\"><input size=\"40\" class=\"wpcf7-form-control wpcf7-text wpcf7-validates-as-required\" aria-required=\"true\" aria-invalid=\"false\" placeholder=\"message subject*\" value=\"\" type=\"text\" name=\"predmet\" \/><\/span>\n\t\t\t<\/p>\n\t\t\t<div class=\"col-md-12 p-0\">\n\t\t\t\t<p><span class=\"wpcf7-form-control-wrap\" data-name=\"zprava\"><textarea cols=\"40\" rows=\"10\" class=\"wpcf7-form-control wpcf7-textarea wpcf7-validates-as-required\" aria-required=\"true\" aria-invalid=\"false\" placeholder=\"Leave your message here ...*\" name=\"zprava\"><\/textarea><\/span>\n\t\t\t\t<\/p>\n\t\t\t<\/div>\n\t\t<\/div>\n\t\t<div class=\"row\">\n\t\t\t<div class=\"col-md-12 text-center mt-2 mb-2\">\n\t\t\t\t<div class=\"custom-control custom-checkbox text-center d-flex align-items-center justify-content-center\">\n\t\t\t\t\t<p><span class=\"wpcf7-form-control-wrap\" data-name=\"souhlas\"><span class=\"wpcf7-form-control wpcf7-acceptance\"><span class=\"wpcf7-list-item\"><input type=\"checkbox\" name=\"souhlas\" value=\"1\" aria-invalid=\"false\" \/><\/span><\/span><\/span> Consent with personal information (GDPR)\n\t\t\t\t\t<\/p>\n\t\t\t\t<\/div>\n\t\t\t\t<div class=\"col-md-12 text-center mt-3\">\n\t\t\t\t\t<p><input class=\"wpcf7-form-control has-spinner wpcf7-submit\" type=\"submit\" value=\"Send message\" \/>\n\t\t\t\t\t<\/p>\n\t\t\t\t<\/div>\n\t\t\t<\/div>\n\t\t<\/div>\n\t<\/div>\n<\/section><input type='hidden' class='wpcf7-pum' value='{\"closepopup\":false,\"closedelay\":0,\"openpopup\":false,\"openpopup_id\":0}' \/><div class=\"wpcf7-response-output\" aria-hidden=\"true\"><\/div>\n<\/form>\n<\/div>\n<\/div>\n<\/div>\n","protected":false},"excerpt":{"rendered":"<p>Project manager and website owner ENTRY Engineering s.r.o. Liberec 1. M\u00e1je 871\/13 Liberec III-Je\u0159\u00e1b 460 07 Liberec Czech Republic Contact and delivery address Turnovsk\u00e1 2424\/22, 466 01 Jablonec nad Nisou &#8230;<\/p>\n","protected":false},"author":1,"featured_media":0,"parent":0,"menu_order":0,"comment_status":"closed","ping_status":"closed","template":"kontakt.php","meta":{"footnotes":""},"class_list":["post-9355","page","type-page","status-publish","hentry"],"yoast_head":"<!-- This site is optimized with the Yoast SEO plugin v24.9 - https:\/\/yoast.com\/wordpress\/plugins\/seo\/ -->\n<title>Contact - E-bullet<\/title>\n<meta name=\"robots\" content=\"index, follow, max-snippet:-1, max-image-preview:large, max-video-preview:-1\" \/>\n<link rel=\"canonical\" href=\"https:\/\/e-bullet.cz\/contact\" \/>\n<meta property=\"og:locale\" content=\"en_US\" \/>\n<meta property=\"og:type\" content=\"article\" \/>\n<meta property=\"og:title\" content=\"Contact - E-bullet\" \/>\n<meta property=\"og:description\" content=\"Project manager and website owner ENTRY Engineering s.r.o. Liberec 1. M\u00e1je 871\/13 Liberec III-Je\u0159\u00e1b 460 07 Liberec Czech Republic Contact and delivery address Turnovsk\u00e1 2424\/22, 466 01 Jablonec nad Nisou ...\" \/>\n<meta property=\"og:url\" content=\"https:\/\/e-bullet.cz\/contact\" \/>\n<meta property=\"og:site_name\" content=\"E-bullet\" \/>\n<meta property=\"article:publisher\" content=\"https:\/\/www.facebook.com\/ebullet.cz\" \/>\n<meta name=\"twitter:card\" content=\"summary_large_image\" \/>\n<script type=\"application\/ld+json\" class=\"yoast-schema-graph\">{\"@context\":\"https:\/\/schema.org\",\"@graph\":[{\"@type\":\"WebPage\",\"@id\":\"https:\/\/e-bullet.cz\/contact\",\"url\":\"https:\/\/e-bullet.cz\/contact\",\"name\":\"Contact - E-bullet\",\"isPartOf\":{\"@id\":\"https:\/\/e-bullet.cz\/#website\"},\"datePublished\":\"2021-07-23T09:28:43+00:00\",\"breadcrumb\":{\"@id\":\"https:\/\/e-bullet.cz\/contact#breadcrumb\"},\"inLanguage\":\"en-US\",\"potentialAction\":[{\"@type\":\"ReadAction\",\"target\":[\"https:\/\/e-bullet.cz\/contact\"]}]},{\"@type\":\"BreadcrumbList\",\"@id\":\"https:\/\/e-bullet.cz\/contact#breadcrumb\",\"itemListElement\":[{\"@type\":\"ListItem\",\"position\":1,\"name\":\"Dom\u016f\",\"item\":\"https:\/\/e-bullet.cz\/en\"},{\"@type\":\"ListItem\",\"position\":2,\"name\":\"Contact\"}]},{\"@type\":\"WebSite\",\"@id\":\"https:\/\/e-bullet.cz\/#website\",\"url\":\"https:\/\/e-bullet.cz\/\",\"name\":\"Projekt E-bullet\",\"description\":\"\",\"publisher\":{\"@id\":\"https:\/\/e-bullet.cz\/#organization\"},\"potentialAction\":[{\"@type\":\"SearchAction\",\"target\":{\"@type\":\"EntryPoint\",\"urlTemplate\":\"https:\/\/e-bullet.cz\/?s={search_term_string}\"},\"query-input\":{\"@type\":\"PropertyValueSpecification\",\"valueRequired\":true,\"valueName\":\"search_term_string\"}}],\"inLanguage\":\"en-US\"},{\"@type\":\"Organization\",\"@id\":\"https:\/\/e-bullet.cz\/#organization\",\"name\":\"Projekt E-bullet\",\"url\":\"https:\/\/e-bullet.cz\/\",\"logo\":{\"@type\":\"ImageObject\",\"inLanguage\":\"en-US\",\"@id\":\"https:\/\/e-bullet.cz\/#\/schema\/logo\/image\/\",\"url\":\"https:\/\/e-bullet.cz\/wp-content\/uploads\/2021\/08\/logo.png\",\"contentUrl\":\"https:\/\/e-bullet.cz\/wp-content\/uploads\/2021\/08\/logo.png\",\"width\":500,\"height\":160,\"caption\":\"Projekt E-bullet\"},\"image\":{\"@id\":\"https:\/\/e-bullet.cz\/#\/schema\/logo\/image\/\"},\"sameAs\":[\"https:\/\/www.facebook.com\/ebullet.cz\"]}]}<\/script>\n<!-- \/ Yoast SEO plugin. -->","yoast_head_json":{"title":"Contact - E-bullet","robots":{"index":"index","follow":"follow","max-snippet":"max-snippet:-1","max-image-preview":"max-image-preview:large","max-video-preview":"max-video-preview:-1"},"canonical":"https:\/\/e-bullet.cz\/contact","og_locale":"en_US","og_type":"article","og_title":"Contact - E-bullet","og_description":"Project manager and website owner ENTRY Engineering s.r.o. Liberec 1. M\u00e1je 871\/13 Liberec III-Je\u0159\u00e1b 460 07 Liberec Czech Republic Contact and delivery address Turnovsk\u00e1 2424\/22, 466 01 Jablonec nad Nisou ...","og_url":"https:\/\/e-bullet.cz\/contact","og_site_name":"E-bullet","article_publisher":"https:\/\/www.facebook.com\/ebullet.cz","twitter_card":"summary_large_image","schema":{"@context":"https:\/\/schema.org","@graph":[{"@type":"WebPage","@id":"https:\/\/e-bullet.cz\/contact","url":"https:\/\/e-bullet.cz\/contact","name":"Contact - E-bullet","isPartOf":{"@id":"https:\/\/e-bullet.cz\/#website"},"datePublished":"2021-07-23T09:28:43+00:00","breadcrumb":{"@id":"https:\/\/e-bullet.cz\/contact#breadcrumb"},"inLanguage":"en-US","potentialAction":[{"@type":"ReadAction","target":["https:\/\/e-bullet.cz\/contact"]}]},{"@type":"BreadcrumbList","@id":"https:\/\/e-bullet.cz\/contact#breadcrumb","itemListElement":[{"@type":"ListItem","position":1,"name":"Dom\u016f","item":"https:\/\/e-bullet.cz\/en"},{"@type":"ListItem","position":2,"name":"Contact"}]},{"@type":"WebSite","@id":"https:\/\/e-bullet.cz\/#website","url":"https:\/\/e-bullet.cz\/","name":"Projekt E-bullet","description":"","publisher":{"@id":"https:\/\/e-bullet.cz\/#organization"},"potentialAction":[{"@type":"SearchAction","target":{"@type":"EntryPoint","urlTemplate":"https:\/\/e-bullet.cz\/?s={search_term_string}"},"query-input":{"@type":"PropertyValueSpecification","valueRequired":true,"valueName":"search_term_string"}}],"inLanguage":"en-US"},{"@type":"Organization","@id":"https:\/\/e-bullet.cz\/#organization","name":"Projekt E-bullet","url":"https:\/\/e-bullet.cz\/","logo":{"@type":"ImageObject","inLanguage":"en-US","@id":"https:\/\/e-bullet.cz\/#\/schema\/logo\/image\/","url":"https:\/\/e-bullet.cz\/wp-content\/uploads\/2021\/08\/logo.png","contentUrl":"https:\/\/e-bullet.cz\/wp-content\/uploads\/2021\/08\/logo.png","width":500,"height":160,"caption":"Projekt E-bullet"},"image":{"@id":"https:\/\/e-bullet.cz\/#\/schema\/logo\/image\/"},"sameAs":["https:\/\/www.facebook.com\/ebullet.cz"]}]}},"jetpack_sharing_enabled":true,"_links":{"self":[{"href":"https:\/\/e-bullet.cz\/en\/wp-json\/wp\/v2\/pages\/9355","targetHints":{"allow":["GET"]}}],"collection":[{"href":"https:\/\/e-bullet.cz\/en\/wp-json\/wp\/v2\/pages"}],"about":[{"href":"https:\/\/e-bullet.cz\/en\/wp-json\/wp\/v2\/types\/page"}],"author":[{"embeddable":true,"href":"https:\/\/e-bullet.cz\/en\/wp-json\/wp\/v2\/users\/1"}],"replies":[{"embeddable":true,"href":"https:\/\/e-bullet.cz\/en\/wp-json\/wp\/v2\/comments?post=9355"}],"version-history":[{"count":0,"href":"https:\/\/e-bullet.cz\/en\/wp-json\/wp\/v2\/pages\/9355\/revisions"}],"wp:attachment":[{"href":"https:\/\/e-bullet.cz\/en\/wp-json\/wp\/v2\/media?parent=9355"}],"curies":[{"name":"wp","href":"https:\/\/api.w.org\/{rel}","templated":true}]}}